{"id":2301,"date":"2023-05-19T20:35:30","date_gmt":"2023-05-19T20:35:30","guid":{"rendered":"https:\/\/varzo.hu\/kistelekisajt\/?page_id=2301"},"modified":"2023-07-06T10:38:36","modified_gmt":"2023-07-06T10:38:36","slug":"mascarponek","status":"publish","type":"page","link":"https:\/\/kistelekisajt.hu\/hun\/mascarponek\/","title":{"rendered":"Mascarpon\u00e9k"},"content":{"rendered":"\t\t<div data-elementor-type=\"wp-page\" data-elementor-id=\"2301\" class=\"elementor elementor-2301\" data-elementor-post-type=\"page\">\n\t\t\t\t\t\t<section class=\"elementor-section elementor-top-section elementor-element elementor-element-4647db79 elementor-section-full_width elementor-section-height-default elementor-section-height-default\" data-id=\"4647db79\" data-element_type=\"section\" data-settings=\"{&quot;background_background&quot;:&quot;classic&quot;}\">\n\t\t\t\t\t\t<div class=\"elementor-container elementor-column-gap-extended\">\n\t\t\t\t\t<div class=\"elementor-column elementor-col-50 elementor-top-column elementor-element elementor-element-34faae3d\" data-id=\"34faae3d\" data-element_type=\"column\">\n\t\t\t<div class=\"elementor-widget-wrap elementor-element-populated\">\n\t\t\t\t\t\t<div class=\"elementor-element elementor-element-6c4e99df elementor-align-center elementor-mobile-align-left elementor-widget elementor-widget-button\" data-id=\"6c4e99df\" data-element_type=\"widget\" data-widget_type=\"button.default\">\n\t\t\t\t<div class=\"elementor-widget-container\">\n\t\t\t\t\t\t\t\t\t<div class=\"elementor-button-wrapper\">\n\t\t\t\t\t<a class=\"elementor-button elementor-button-link elementor-size-sm\" href=\"#\" id=\"go-back\">\n\t\t\t\t\t\t<span class=\"elementor-button-content-wrapper\">\n\t\t\t\t\t\t\t\t\t<span class=\"elementor-button-text\">Vissza<\/span>\n\t\t\t\t\t<\/span>\n\t\t\t\t\t<\/a>\n\t\t\t\t<\/div>\n\t\t\t\t\t\t\t\t<\/div>\n\t\t\t\t<\/div>\n\t\t\t\t<div class=\"elementor-element elementor-element-49a51442 elementor-widget elementor-widget-html\" data-id=\"49a51442\" data-element_type=\"widget\" data-widget_type=\"html.default\">\n\t\t\t\t<div class=\"elementor-widget-container\">\n\t\t\t\t\t<script type=\"text\/javascript\">\njQuery(document).ready(function() { jQuery('#go-back').on('click', function() {\nwindow.history.go(-1);\nreturn false; });\n}); <\/script>\t\t\t\t<\/div>\n\t\t\t\t<\/div>\n\t\t\t\t\t<\/div>\n\t\t<\/div>\n\t\t\t\t<div class=\"elementor-column elementor-col-50 elementor-top-column elementor-element elementor-element-24b9851e\" data-id=\"24b9851e\" data-element_type=\"column\">\n\t\t\t<div class=\"elementor-widget-wrap\">\n\t\t\t\t\t\t\t<\/div>\n\t\t<\/div>\n\t\t\t\t\t<\/div>\n\t\t<\/section>\n\t\t\t\t<section class=\"elementor-section elementor-top-section elementor-element elementor-element-1ae60a67 elementor-section-full_width elementor-section-content-middle elementor-reverse-tablet elementor-reverse-mobile elementor-section-height-default elementor-section-height-default elementor-invisible\" data-id=\"1ae60a67\" data-element_type=\"section\" data-settings=\"{&quot;animation&quot;:&quot;slideInRight&quot;}\">\n\t\t\t\t\t\t<div class=\"elementor-container elementor-column-gap-no\">\n\t\t\t\t\t<div class=\"elementor-column elementor-col-100 elementor-top-column elementor-element elementor-element-2e0caf4c\" data-id=\"2e0caf4c\" data-element_type=\"column\">\n\t\t\t<div class=\"elementor-widget-wrap elementor-element-populated\">\n\t\t\t\t\t\t<div class=\"elementor-element elementor-element-641c4705 elementor-widget-divider--view-line_text elementor-widget-divider--element-align-center elementor-widget elementor-widget-divider\" data-id=\"641c4705\" data-element_type=\"widget\" data-widget_type=\"divider.default\">\n\t\t\t\t<div class=\"elementor-widget-container\">\n\t\t\t\t\t\t\t<div class=\"elementor-divider\">\n\t\t\t<span class=\"elementor-divider-separator\">\n\t\t\t\t\t\t\t<span class=\"elementor-divider__text elementor-divider__element\">\n\t\t\t\tMascarpon\u00e9k\t\t\t\t<\/span>\n\t\t\t\t\t\t<\/span>\n\t\t<\/div>\n\t\t\t\t\t\t<\/div>\n\t\t\t\t<\/div>\n\t\t\t\t\t<\/div>\n\t\t<\/div>\n\t\t\t\t\t<\/div>\n\t\t<\/section>\n\t\t\t\t<section class=\"elementor-section elementor-top-section elementor-element elementor-element-40c9329d elementor-section-full_width elementor-section-content-middle elementor-reverse-tablet elementor-reverse-mobile elementor-section-height-default elementor-section-height-default\" data-id=\"40c9329d\" data-element_type=\"section\">\n\t\t\t\t\t\t<div class=\"elementor-container elementor-column-gap-no\">\n\t\t\t\t\t<div class=\"elementor-column elementor-col-100 elementor-top-column elementor-element elementor-element-1ade1d8\" data-id=\"1ade1d8\" data-element_type=\"column\">\n\t\t\t<div class=\"elementor-widget-wrap elementor-element-populated\">\n\t\t\t\t\t\t<div class=\"elementor-element elementor-element-43e3eee2 elementor-widget-divider--view-line_text elementor-widget-divider--element-align-right elementor-invisible elementor-widget elementor-widget-divider\" data-id=\"43e3eee2\" data-element_type=\"widget\" data-settings=\"{&quot;_animation&quot;:&quot;slideInLeft&quot;}\" data-widget_type=\"divider.default\">\n\t\t\t\t<div class=\"elementor-widget-container\">\n\t\t\t\t\t\t\t<div class=\"elementor-divider\">\n\t\t\t<span class=\"elementor-divider-separator\">\n\t\t\t\t\t\t<\/span>\n\t\t<\/div>\n\t\t\t\t\t\t<\/div>\n\t\t\t\t<\/div>\n\t\t\t\t\t<\/div>\n\t\t<\/div>\n\t\t\t\t\t<\/div>\n\t\t<\/section>\n\t\t\t\t<section class=\"elementor-section elementor-top-section elementor-element elementor-element-2333981 elementor-section-content-middle elementor-section-boxed elementor-section-height-default elementor-section-height-default\" data-id=\"2333981\" data-element_type=\"section\">\n\t\t\t\t\t\t<div class=\"elementor-container elementor-column-gap-no\">\n\t\t\t\t\t<div class=\"elementor-column elementor-col-100 elementor-top-column elementor-element elementor-element-75deb39\" data-id=\"75deb39\" data-element_type=\"column\">\n\t\t\t<div class=\"elementor-widget-wrap elementor-element-populated\">\n\t\t\t\t\t\t<section class=\"elementor-section elementor-inner-section elementor-element elementor-element-280f3cf elementor-section-content-middle elementor-section-boxed elementor-section-height-default elementor-section-height-default\" data-id=\"280f3cf\" data-element_type=\"section\">\n\t\t\t\t\t\t<div class=\"elementor-container elementor-column-gap-narrow\">\n\t\t\t\t\t<div class=\"elementor-column elementor-col-50 elementor-inner-column elementor-element elementor-element-de9e30a\" data-id=\"de9e30a\" data-element_type=\"column\">\n\t\t\t<div class=\"elementor-widget-wrap elementor-element-populated\">\n\t\t\t\t\t\t<div class=\"elementor-element elementor-element-ac6b727 elementor-position-top elementor-widget elementor-widget-image-box\" data-id=\"ac6b727\" data-element_type=\"widget\" data-widget_type=\"image-box.default\">\n\t\t\t\t<div class=\"elementor-widget-container\">\n\t\t\t\t\t<div class=\"elementor-image-box-wrapper\"><figure class=\"elementor-image-box-img\"><a href=\"https:\/\/kistelekisajt.hu\/termek\/kisteleki-mascarpone-krem-500g\/\" tabindex=\"-1\"><img fetchpriority=\"high\" decoding=\"async\" width=\"1444\" height=\"812\" src=\"https:\/\/kistelekisajt.hu\/wp-content\/uploads\/2023\/05\/mascarpone500g-1444x812-1.png\" class=\"attachment-full size-full wp-image-2225\" alt=\"\" srcset=\"https:\/\/kistelekisajt.hu\/wp-content\/uploads\/2023\/05\/mascarpone500g-1444x812-1.png 1444w, https:\/\/kistelekisajt.hu\/wp-content\/uploads\/2023\/05\/mascarpone500g-1444x812-1-1000x562.png 1000w, https:\/\/kistelekisajt.hu\/wp-content\/uploads\/2023\/05\/mascarpone500g-1444x812-1-300x169.png 300w, https:\/\/kistelekisajt.hu\/wp-content\/uploads\/2023\/05\/mascarpone500g-1444x812-1-1024x576.png 1024w, https:\/\/kistelekisajt.hu\/wp-content\/uploads\/2023\/05\/mascarpone500g-1444x812-1-768x432.png 768w, https:\/\/kistelekisajt.hu\/wp-content\/uploads\/2023\/05\/mascarpone500g-1444x812-1-18x10.png 18w\" sizes=\"(max-width: 1444px) 100vw, 1444px\" \/><\/a><\/figure><div class=\"elementor-image-box-content\"><h3 class=\"elementor-image-box-title\"><a href=\"https:\/\/kistelekisajt.hu\/termek\/kisteleki-mascarpone-krem-500g\/\">500g-os Mascarpone kr\u00e9m<\/a><\/h3><\/div><\/div>\t\t\t\t<\/div>\n\t\t\t\t<\/div>\n\t\t\t\t\t<\/div>\n\t\t<\/div>\n\t\t\t\t<div class=\"elementor-column elementor-col-50 elementor-inner-column elementor-element elementor-element-dc99b3d\" data-id=\"dc99b3d\" data-element_type=\"column\">\n\t\t\t<div class=\"elementor-widget-wrap elementor-element-populated\">\n\t\t\t\t\t\t<div class=\"elementor-element elementor-element-4898c9b elementor-position-top elementor-widget elementor-widget-image-box\" data-id=\"4898c9b\" data-element_type=\"widget\" data-widget_type=\"image-box.default\">\n\t\t\t\t<div class=\"elementor-widget-container\">\n\t\t\t\t\t<div class=\"elementor-image-box-wrapper\"><figure class=\"elementor-image-box-img\"><a href=\"https:\/\/kistelekisajt.hu\/termek\/kisteleki-mascarpone-krem-2kg\/\" tabindex=\"-1\"><img decoding=\"async\" width=\"1414\" height=\"795\" src=\"https:\/\/kistelekisajt.hu\/wp-content\/uploads\/2023\/05\/mascarpone2kg-1414x795-2.png\" class=\"attachment-full size-full wp-image-3952\" alt=\"\" srcset=\"https:\/\/kistelekisajt.hu\/wp-content\/uploads\/2023\/05\/mascarpone2kg-1414x795-2.png 1414w, https:\/\/kistelekisajt.hu\/wp-content\/uploads\/2023\/05\/mascarpone2kg-1414x795-2-1000x562.png 1000w, https:\/\/kistelekisajt.hu\/wp-content\/uploads\/2023\/05\/mascarpone2kg-1414x795-2-300x169.png 300w, https:\/\/kistelekisajt.hu\/wp-content\/uploads\/2023\/05\/mascarpone2kg-1414x795-2-1024x576.png 1024w, https:\/\/kistelekisajt.hu\/wp-content\/uploads\/2023\/05\/mascarpone2kg-1414x795-2-768x432.png 768w, https:\/\/kistelekisajt.hu\/wp-content\/uploads\/2023\/05\/mascarpone2kg-1414x795-2-18x10.png 18w\" sizes=\"(max-width: 1414px) 100vw, 1414px\" \/><\/a><\/figure><div class=\"elementor-image-box-content\"><h3 class=\"elementor-image-box-title\"><a href=\"https:\/\/kistelekisajt.hu\/termek\/kisteleki-mascarpone-krem-2kg\/\">2kg-os Mascarpone kr\u00e9m<\/a><\/h3><\/div><\/div>\t\t\t\t<\/div>\n\t\t\t\t<\/div>\n\t\t\t\t\t<\/div>\n\t\t<\/div>\n\t\t\t\t\t<\/div>\n\t\t<\/section>\n\t\t\t\t\t<\/div>\n\t\t<\/div>\n\t\t\t\t\t<\/div>\n\t\t<\/section>\n\t\t\t\t<section class=\"elementor-section elementor-top-section elementor-element elementor-element-5da7256 elementor-section-full_width elementor-section-content-top elementor-reverse-mobile elementor-hidden-mobile elementor-section-height-default elementor-section-height-default\" data-id=\"5da7256\" data-element_type=\"section\">\n\t\t\t\t\t\t<div class=\"elementor-container elementor-column-gap-no\">\n\t\t\t\t\t<div class=\"elementor-column elementor-col-100 elementor-top-column elementor-element elementor-element-75d484a\" data-id=\"75d484a\" data-element_type=\"column\">\n\t\t\t<div class=\"elementor-widget-wrap elementor-element-populated\">\n\t\t\t\t\t\t<div class=\"elementor-element elementor-element-84cb593 elementor-widget__width-initial elementor-widget elementor-widget-image\" data-id=\"84cb593\" data-element_type=\"widget\" data-widget_type=\"image.default\">\n\t\t\t\t<div class=\"elementor-widget-container\">\n\t\t\t\t\t\t\t\t\t\t\t\t\t\t\t<img decoding=\"async\" width=\"557\" height=\"200\" src=\"https:\/\/kistelekisajt.hu\/wp-content\/uploads\/2023\/05\/kisteleki-mm-sajtgyarto-kft-logo-feherre-szinezett-560x346-2.png\" class=\"attachment-large size-large wp-image-1299\" alt=\"\" srcset=\"https:\/\/kistelekisajt.hu\/wp-content\/uploads\/2023\/05\/kisteleki-mm-sajtgyarto-kft-logo-feherre-szinezett-560x346-2.png 557w, https:\/\/kistelekisajt.hu\/wp-content\/uploads\/2023\/05\/kisteleki-mm-sajtgyarto-kft-logo-feherre-szinezett-560x346-2-300x108.png 300w, https:\/\/kistelekisajt.hu\/wp-content\/uploads\/2023\/05\/kisteleki-mm-sajtgyarto-kft-logo-feherre-szinezett-560x346-2-18x6.png 18w\" sizes=\"(max-width: 557px) 100vw, 557px\" \/>\t\t\t\t\t\t\t\t\t\t\t\t\t\t\t<\/div>\n\t\t\t\t<\/div>\n\t\t\t\t\t<\/div>\n\t\t<\/div>\n\t\t\t\t\t<\/div>\n\t\t<\/section>\n\t\t\t\t<\/div>\n\t\t","protected":false},"excerpt":{"rendered":"<p>Vissza Mascarpon\u00e9k 500g-os Mascarpone kr\u00e9m 2kg-os Mascarpone kr\u00e9m<\/p>\n","protected":false},"author":1,"featured_media":0,"parent":0,"menu_order":0,"comment_status":"closed","ping_status":"closed","template":"","meta":{"footnotes":""},"class_list":["post-2301","page","type-page","status-publish","hentry"],"_links":{"self":[{"href":"https:\/\/kistelekisajt.hu\/hun\/wp-json\/wp\/v2\/pages\/2301","targetHints":{"allow":["GET"]}}],"collection":[{"href":"https:\/\/kistelekisajt.hu\/hun\/wp-json\/wp\/v2\/pages"}],"about":[{"href":"https:\/\/kistelekisajt.hu\/hun\/wp-json\/wp\/v2\/types\/page"}],"author":[{"embeddable":true,"href":"https:\/\/kistelekisajt.hu\/hun\/wp-json\/wp\/v2\/users\/1"}],"replies":[{"embeddable":true,"href":"https:\/\/kistelekisajt.hu\/hun\/wp-json\/wp\/v2\/comments?post=2301"}],"version-history":[{"count":0,"href":"https:\/\/kistelekisajt.hu\/hun\/wp-json\/wp\/v2\/pages\/2301\/revisions"}],"wp:attachment":[{"href":"https:\/\/kistelekisajt.hu\/hun\/wp-json\/wp\/v2\/media?parent=2301"}],"curies":[{"name":"wp","href":"https:\/\/api.w.org\/{rel}","templated":true}]}}