{"id":1621,"date":"2023-05-17T19:03:37","date_gmt":"2023-05-17T19:03:37","guid":{"rendered":"https:\/\/varzo.hu\/kistelekisajt\/?page_id=1621"},"modified":"2024-01-09T11:09:47","modified_gmt":"2024-01-09T11:09:47","slug":"szechenyi-2020","status":"publish","type":"page","link":"https:\/\/kistelekisajt.hu\/en\/szechenyi-2020\/","title":{"rendered":"Sz\u00e9chenyi 2020 p\u00e1ly\u00e1zatok"},"content":{"rendered":"<div data-elementor-type=\"wp-page\" data-elementor-id=\"1621\" class=\"elementor elementor-1621\" data-elementor-post-type=\"page\">\n\t\t\t\t\t\t<section class=\"elementor-section elementor-top-section elementor-element elementor-element-4d6c77f elementor-section-full_width elementor-section-content-middle elementor-reverse-tablet elementor-reverse-mobile elementor-section-height-default elementor-section-height-default elementor-invisible\" data-id=\"4d6c77f\" data-element_type=\"section\" data-settings=\"{&quot;animation&quot;:&quot;slideInRight&quot;}\">\n\t\t\t\t\t\t<div class=\"elementor-container elementor-column-gap-no\">\n\t\t\t\t\t<div class=\"elementor-column elementor-col-100 elementor-top-column elementor-element elementor-element-38b4a9d\" data-id=\"38b4a9d\" data-element_type=\"column\">\n\t\t\t<div class=\"elementor-widget-wrap elementor-element-populated\">\n\t\t\t\t\t\t<div class=\"elementor-element elementor-element-7b8d1b8 elementor-widget-divider--view-line_text elementor-widget-divider--element-align-left elementor-widget elementor-widget-divider\" data-id=\"7b8d1b8\" data-element_type=\"widget\" data-widget_type=\"divider.default\">\n\t\t\t\t<div class=\"elementor-widget-container\">\n\t\t\t\t\t\t\t<div class=\"elementor-divider\">\n\t\t\t<span class=\"elementor-divider-separator\">\n\t\t\t\t\t\t\t<h1 class=\"elementor-divider__text elementor-divider__element\">\n\t\t\t\tSz\u00e9chenyi 2020 p\u00e1ly\u00e1zatok\t\t\t\t<\/h1>\n\t\t\t\t\t\t<\/span>\n\t\t<\/div>\n\t\t\t\t\t\t<\/div>\n\t\t\t\t<\/div>\n\t\t\t\t\t<\/div>\n\t\t<\/div>\n\t\t\t\t\t<\/div>\n\t\t<\/section>\n\t\t\t\t<section class=\"elementor-section elementor-top-section elementor-element elementor-element-501ea357 elementor-section-content-middle elementor-section-full_width elementor-section-height-default elementor-section-height-default\" data-id=\"501ea357\" data-element_type=\"section\">\n\t\t\t\t\t\t<div class=\"elementor-container elementor-column-gap-no\">\n\t\t\t\t\t<div class=\"elementor-column elementor-col-100 elementor-top-column elementor-element elementor-element-28db5fe9\" data-id=\"28db5fe9\" data-element_type=\"column\">\n\t\t\t<div class=\"elementor-widget-wrap elementor-element-populated\">\n\t\t\t\t\t\t<section class=\"elementor-section elementor-inner-section elementor-element elementor-element-32b9d40 elementor-section-full_width elementor-section-height-default elementor-section-height-default\" data-id=\"32b9d40\" data-element_type=\"section\">\n\t\t\t\t\t\t<div class=\"elementor-container elementor-column-gap-default\">\n\t\t\t\t\t<div class=\"elementor-column elementor-col-100 elementor-inner-column elementor-element elementor-element-2df64bc\" data-id=\"2df64bc\" data-element_type=\"column\">\n\t\t\t<div class=\"elementor-widget-wrap elementor-element-populated\">\n\t\t\t\t\t\t<div class=\"elementor-element elementor-element-be219f7 elementor-widget elementor-widget-heading\" data-id=\"be219f7\" data-element_type=\"widget\" data-widget_type=\"heading.default\">\n\t\t\t\t<div class=\"elementor-widget-container\">\n\t\t\t\t\t<h2 class=\"elementor-heading-title elementor-size-default\">Energetikai fejleszt\u00e9s a Kisteleki M+M Sajtgy\u00e1rt\u00f3 Kft-n\u00e9l\n<br><br>\nA projektazonos\u00edt\u00f3 sz\u00e1ma: GINOP-4.1.5-22-2022-00018<\/h2>\t\t\t\t<\/div>\n\t\t\t\t<\/div>\n\t\t\t\t\t<\/div>\n\t\t<\/div>\n\t\t\t\t\t<\/div>\n\t\t<\/section>\n\t\t\t\t<div class=\"elementor-element elementor-element-a82e5d7 elementor-widget__width-initial elementor-widget elementor-widget-text-editor\" data-id=\"a82e5d7\" data-element_type=\"widget\" data-widget_type=\"text-editor.default\">\n\t\t\t\t<div class=\"elementor-widget-container\">\n\t\t\t\t\t\t\t\t\t<table class=\"table table-striped\"><tbody><tr><td>Kedvezm\u00e9nyezett neve: Kisteleki M + M Sajtgy\u00e1rt\u00f3 Korl\u00e1tolt Felel\u0151ss\u00e9g\u0171 T\u00e1rsas\u00e1g<\/td><\/tr><tr><td>A projekt c\u00edme: Energetikai fejleszt\u00e9s a Kisteleki M+M Sajtgy\u00e1rt\u00f3 Kft-n\u00e9l<\/td><\/tr><tr><td>A projektazonos\u00edt\u00f3 sz\u00e1ma: GINOP-4.1.5-22-2022-00018<\/td><\/tr><tr><td>T\u00e1mogat\u00e1si \u00f6sszeg: 79.400.116 Ft<\/td><\/tr><tr><td>T\u00e1mogat\u00e1s intenzit\u00e1sa: 90 %<\/td><\/tr><tr><td><p>A projekt le\u00edr\u00e1sa:<\/p><p>A Gazdas\u00e1gfejleszt\u00e9si \u00e9s Innov\u00e1ci\u00f3s Operat\u00edv Program keret\u00e9n bel\u00fcl a P\u00e9nz\u00fcgyminiszt\u00e9rium<br \/>\u201eEnergiahat\u00e9konys\u00e1g n\u00f6vel\u00e9s\u00e9t c\u00e9lz\u00f3 \u00e9p\u00fcletenergetikai fejleszt\u00e9sek t\u00e1mogat\u00e1sa kkv-k r\u00e9sz\u00e9re\u201d c.<br \/>felh\u00edv\u00e1sa alapj\u00e1n, a Kisteleki M + M Sajtgy\u00e1rt\u00f3 Korl\u00e1tolt Felel\u0151ss\u00e9g\u0171 T\u00e1rsas\u00e1g p\u00e1ly\u00e1zatot ny\u00fajtott<br \/>be. GINOP-4.1.5-22-2022-00018 azonos\u00edt\u00f3sz\u00e1m\u00fa t\u00e1mogat\u00e1si k\u00e9relem pozit\u00edv elb\u00edr\u00e1l\u00e1sban r\u00e9szes\u00fclt.<br \/>Az Eur\u00f3pai Region\u00e1lis Fejleszt\u00e9si Alapb\u00f3l finansz\u00edrozott vissza nem t\u00e9r\u00edtend\u0151 t\u00e1mogat\u00e1s \u00f6sszege 79.400.116 Ft.<br \/>A projekt f\u0151 c\u00e9lja 4 db \u00e9p\u00fcletb\u0151l \u00e1ll\u00f3 \u00e9p\u00fcletcsoport energetikai korszer\u0171s\u00edt\u00e9se energia megtakar\u00edt\u00e1s c\u00e9lj\u00e1b\u00f3l.<\/p><p>A projekt keret\u00e9ben az iroda\u00e9p\u00fclet h\u0151szigetel\u00e9se, ny\u00edl\u00e1sz\u00e1r\u00f3k cser\u00e9je, f\u0171t\u00e9s \u00e9s vil\u00e1g\u00edt\u00e1s<br \/>korszer\u0171s\u00edt\u00e9se, a k\u00e9sz\u00e1r\u00fa h\u0171t\u0151t\u00e1rol\u00f3k h\u0151szigetel\u00e9se, ny\u00edl\u00e1sz\u00e1r\u00f3k cser\u00e9je \u00e9s vil\u00e1g\u00edt\u00e1skorszer\u0171s\u00edt\u00e9se, a<br \/>szoci\u00e1lis \u00e9p\u00fclet h\u0151szigetel\u00e9se, ny\u00edl\u00e1sz\u00e1r\u00f3k cser\u00e9je, f\u0171t\u00e9s \u00e9s vil\u00e1g\u00edt\u00e1s korszer\u0171s\u00edt\u00e9se, 28 kW<br \/>teljes\u00edtm\u00e9ny\u0171 leveg\u0151-v\u00edz h\u0151szivatty\u00fas rendszer kialak\u00edt\u00e1sa, valamint a m\u0171hely \u00e9p\u00fclet h\u0151szigetel\u00e9se,<br \/>ny\u00edl\u00e1sz\u00e1r\u00f3k cser\u00e9je, vil\u00e1g\u00edt\u00e1s korszer\u0171s\u00edt\u00e9se, valamint 10 kW teljes\u00edtm\u00e9ny\u0171 leveg\u0151-v\u00edz h\u0151szivatty\u00fas<br \/>rendszer kialak\u00edt\u00e1sa val\u00f3sult meg. A projekt keret\u00e9ben 38,07 kWp teljes\u00edtm\u00e9ny\u0171 napelemes rendszer kialak\u00edt\u00e1sa is megval\u00f3sult.<\/p><\/td><\/tr><tr><td>A projekt megval\u00f3s\u00edt\u00e1s\u00e1nak befejez\u00e9se: <br \/>2023.06.30.<\/td><\/tr><\/tbody><\/table>\t\t\t\t\t\t\t\t<\/div>\n\t\t\t\t<\/div>\n\t\t\t\t\t<\/div>\n\t\t<\/div>\n\t\t\t\t\t<\/div>\n\t\t<\/section>\n\t\t\t\t<section class=\"elementor-section elementor-top-section elementor-element elementor-element-13b5d4a elementor-section-full_width elementor-section-content-middle elementor-reverse-tablet elementor-reverse-mobile elementor-section-height-default elementor-section-height-default elementor-invisible\" data-id=\"13b5d4a\" data-element_type=\"section\" data-settings=\"{&quot;animation&quot;:&quot;slideInRight&quot;}\">\n\t\t\t\t\t\t<div class=\"elementor-container elementor-column-gap-no\">\n\t\t\t\t\t<div class=\"elementor-column elementor-col-100 elementor-top-column elementor-element elementor-element-ebde761\" data-id=\"ebde761\" data-element_type=\"column\">\n\t\t\t<div class=\"elementor-widget-wrap elementor-element-populated\">\n\t\t\t\t\t\t<div class=\"elementor-element elementor-element-86049d9 elementor-widget-divider--view-line_text elementor-widget-divider--element-align-left elementor-widget elementor-widget-divider\" data-id=\"86049d9\" data-element_type=\"widget\" data-widget_type=\"divider.default\">\n\t\t\t\t<div class=\"elementor-widget-container\">\n\t\t\t\t\t\t\t<div class=\"elementor-divider\">\n\t\t\t<span class=\"elementor-divider-separator\">\n\t\t\t\t\t\t<\/span>\n\t\t<\/div>\n\t\t\t\t\t\t<\/div>\n\t\t\t\t<\/div>\n\t\t\t\t\t<\/div>\n\t\t<\/div>\n\t\t\t\t\t<\/div>\n\t\t<\/section>\n\t\t\t\t<section class=\"elementor-section elementor-top-section elementor-element elementor-element-7be6e99 elementor-section-content-middle elementor-section-full_width elementor-section-height-default elementor-section-height-default\" data-id=\"7be6e99\" data-element_type=\"section\">\n\t\t\t\t\t\t<div class=\"elementor-container elementor-column-gap-no\">\n\t\t\t\t\t<div class=\"elementor-column elementor-col-100 elementor-top-column elementor-element elementor-element-549cc45\" data-id=\"549cc45\" data-element_type=\"column\">\n\t\t\t<div class=\"elementor-widget-wrap elementor-element-populated\">\n\t\t\t\t\t\t<section class=\"elementor-section elementor-inner-section elementor-element elementor-element-aa85926 elementor-section-full_width elementor-section-height-default elementor-section-height-default\" data-id=\"aa85926\" data-element_type=\"section\">\n\t\t\t\t\t\t<div class=\"elementor-container elementor-column-gap-default\">\n\t\t\t\t\t<div class=\"elementor-column elementor-col-100 elementor-inner-column elementor-element elementor-element-a885900\" data-id=\"a885900\" data-element_type=\"column\">\n\t\t\t<div class=\"elementor-widget-wrap elementor-element-populated\">\n\t\t\t\t\t\t<div class=\"elementor-element elementor-element-d4cfef4 elementor-widget elementor-widget-heading\" data-id=\"d4cfef4\" data-element_type=\"widget\" data-widget_type=\"heading.default\">\n\t\t\t\t<div class=\"elementor-widget-container\">\n\t\t\t\t\t<h2 class=\"elementor-heading-title elementor-size-default\">\u00c9lelmiszeripari komplex beruh\u00e1z\u00e1s megval\u00f3s\u00edt\u00e1sa a Kisteleki M+M Sajtgy\u00e1rt\u00f3 Kft-n\u00e9l\n<br><br>\nA projekt azonos\u00edt\u00f3 sz\u00e1ma: GINOP-1.2.6-8-3-4-16-2019-00116<\/h2>\t\t\t\t<\/div>\n\t\t\t\t<\/div>\n\t\t\t\t\t<\/div>\n\t\t<\/div>\n\t\t\t\t\t<\/div>\n\t\t<\/section>\n\t\t\t\t<div class=\"elementor-element elementor-element-2de8426 elementor-widget__width-initial elementor-widget elementor-widget-text-editor\" data-id=\"2de8426\" data-element_type=\"widget\" data-widget_type=\"text-editor.default\">\n\t\t\t\t<div class=\"elementor-widget-container\">\n\t\t\t\t\t\t\t\t\t<table class=\"table table-striped\"><tbody><tr><td>Kedvezm\u00e9nyezett neve: Kisteleki M + M Sajtgy\u00e1rt\u00f3 Korl\u00e1tolt Felel\u0151ss\u00e9g\u0171 T\u00e1rsas\u00e1g<\/td><\/tr><tr><td>Projekt c\u00edme: \u00c9lelmiszeripari komplex beruh\u00e1z\u00e1s megval\u00f3s\u00edt\u00e1sa a Kisteleki M+M Sajtgy\u00e1rt\u00f3 Kft-n\u00e9l<\/td><\/tr><tr><td>A projekt azonos\u00edt\u00f3 sz\u00e1ma: GINOP-1.2.6-8-3-4-16-2019-00116<\/td><\/tr><tr><td>Szerz\u0151d\u00f6tt t\u00e1mogat\u00e1s \u00f6sszege: 589,349.653 Ft<\/td><\/tr><tr><td>T\u00e1mogat\u00e1s intenzit\u00e1sa: 37 %<\/td><\/tr><tr><td>Visszat\u00e9r\u00edtend\u0151 t\u00e1mogat\u00e1s \u00f6sszege: 605.278.022 Ft<\/td><\/tr><tr><td>Projekt tartalma:<br \/><br \/>A Kisteleki M + M Sajtgy\u00e1rt\u00f3 Korl\u00e1tolt Felel\u0151ss\u00e9g\u0171 T\u00e1rsas\u00e1g 589,35 milli\u00f3 forint vissza nem t\u00e9r\u00edtend\u0151 eur\u00f3pai uni\u00f3s t\u00e1mogat\u00e1st nyert a GINOP-1.2.6-8-3-4-16 k\u00f3dsz\u00e1m\u00fa, \u201e\u00c9lelmiszeripari k\u00f6z\u00e9pv\u00e1llalatok komplex beruh\u00e1z\u00e1sainak t\u00e1mogat\u00e1sa kombin\u00e1lt hitelterm\u00e9kkel\u201d c\u00edm\u0171 p\u00e1ly\u00e1zati ki\u00edr\u00e1son a Sz\u00e9chenyi 2020 program keret\u00e9ben.<br \/>A beruh\u00e1z\u00e1s c\u00e9lja volt a c\u00e9g Szentesen l\u00e9v\u0151 \u00fczemegys\u00e9gben a pan\u00edrozott sajt gy\u00e1rt\u00e1s, mint \u00faj term\u00e9kk\u00f6r bevezet\u00e9se. A projekt sikeresen megval\u00f3s\u00edt\u00e1sra ker\u00fclt.<br \/><br \/>A 2020.02.26-\u00e1n hat\u00e1lyba l\u00e9pett t\u00e1mogat\u00e1si szerz\u0151d\u00e9s alapj\u00e1n 589,35 milli\u00f3 forint vissza nem t\u00e9r\u00edtend\u0151 t\u00e1mogat\u00e1st nyert projekt a Kisteleki M + M Sajtgy\u00e1rt\u00f3 Kft. szentesi \u00fczem\u00e9ben val\u00f3sult meg. <br \/><br \/>A fejleszt\u00e9s c\u00e9lja a Szentesen l\u00e9v\u0151 \u00fczemegys\u00e9gbe tervezett pan\u00edrozott sajt gy\u00e1rt\u00e1s, \u00faj term\u00e9kk\u00f6rk\u00e9nt t\u00f6rt\u00e9n\u0151 bevezet\u00e9se a c\u00e9g \u00e9let\u00e9be, melyhez \u00faj \u00fczemegys\u00e9g ker\u00fclt meg\u00e9p\u00edt\u00e9sre, valamint \u00faj berendez\u00e9sek v\u00e1s\u00e1rl\u00e1sa t\u00f6rt\u00e9nt.<br \/>Az \u00fczemegys\u00e9g teljes \u00e9p\u00edt\u00e9szeti \u00e1talak\u00edt\u00e1sa \u00e9s fel\u00faj\u00edt\u00e1sa val\u00f3sult meg, melyet k\u00f6vet\u0151en pedig egy gyorsfagyasztott r\u00e1ntott sajtok el\u0151\u00e1ll\u00edt\u00e1s\u00e1t v\u00e9gz\u0151 technol\u00f3giai g\u00e9psor ker\u00fclt telep\u00edt\u00e9sre.<br \/>A r\u00e1ntott sajtok gy\u00e1rt\u00e1si felt\u00e9teleinek megteremt\u00e9s\u00e9vel a c\u00e9g \u00faj, magasabb feldolgozotts\u00e1gi szintre tudja emelni termel\u0151 tev\u00e9kenys\u00e9g\u00e9t.<br \/><br \/>A GINOP-1.2.6-8-3-4-16-2019-00116 azonos\u00edt\u00f3sz\u00e1m\u00fa projekt a Sz\u00e9chenyi 2020 program keret\u00e9ben val\u00f3sult meg.<\/td><\/tr><tr><td>A projekt befejez\u00e9s\u00e9nek d\u00e1tuma: <br \/>2021.07.05.<\/td><\/tr><\/tbody><\/table>\t\t\t\t\t\t\t\t<\/div>\n\t\t\t\t<\/div>\n\t\t\t\t\t<\/div>\n\t\t<\/div>\n\t\t\t\t\t<\/div>\n\t\t<\/section>\n\t\t\t\t<\/div>","protected":false},"excerpt":{"rendered":"<p>Sz\u00e9chenyi 2020 p\u00e1ly\u00e1zatok Energetikai fejleszt\u00e9s a Kisteleki M+M Sajtgy\u00e1rt\u00f3 Kft-n\u00e9l A projektazonos\u00edt\u00f3 sz\u00e1ma: GINOP-4.1.5-22-2022-00018 Kedvezm\u00e9nyezett neve: Kisteleki M + M Sajtgy\u00e1rt\u00f3 Korl\u00e1tolt Felel\u0151ss\u00e9g\u0171 T\u00e1rsas\u00e1g A projekt c\u00edme: Energetikai fejleszt\u00e9s a Kisteleki M+M Sajtgy\u00e1rt\u00f3 Kft-n\u00e9l A projektazonos\u00edt\u00f3 sz\u00e1ma: GINOP-4.1.5-22-2022-00018 T\u00e1mogat\u00e1si \u00f6sszeg: 79.400.116 Ft T\u00e1mogat\u00e1s intenzit\u00e1sa: 90 % A projekt le\u00edr\u00e1sa: A Gazdas\u00e1gfejleszt\u00e9si \u00e9s Innov\u00e1ci\u00f3s Operat\u00edv Program [&hellip;]<\/p>\n","protected":false},"author":1,"featured_media":0,"parent":0,"menu_order":0,"comment_status":"closed","ping_status":"closed","template":"elementor_header_footer","meta":{"footnotes":""},"class_list":["post-1621","page","type-page","status-publish","hentry"],"_links":{"self":[{"href":"https:\/\/kistelekisajt.hu\/en\/wp-json\/wp\/v2\/pages\/1621","targetHints":{"allow":["GET"]}}],"collection":[{"href":"https:\/\/kistelekisajt.hu\/en\/wp-json\/wp\/v2\/pages"}],"about":[{"href":"https:\/\/kistelekisajt.hu\/en\/wp-json\/wp\/v2\/types\/page"}],"author":[{"embeddable":true,"href":"https:\/\/kistelekisajt.hu\/en\/wp-json\/wp\/v2\/users\/1"}],"replies":[{"embeddable":true,"href":"https:\/\/kistelekisajt.hu\/en\/wp-json\/wp\/v2\/comments?post=1621"}],"version-history":[{"count":9,"href":"https:\/\/kistelekisajt.hu\/en\/wp-json\/wp\/v2\/pages\/1621\/revisions"}],"predecessor-version":[{"id":4337,"href":"https:\/\/kistelekisajt.hu\/en\/wp-json\/wp\/v2\/pages\/1621\/revisions\/4337"}],"wp:attachment":[{"href":"https:\/\/kistelekisajt.hu\/en\/wp-json\/wp\/v2\/media?parent=1621"}],"curies":[{"name":"wp","href":"https:\/\/api.w.org\/{rel}","templated":true}]}}